{"id":1983,"date":"2022-09-09T00:09:58","date_gmt":"2022-09-09T00:09:58","guid":{"rendered":"https:\/\/www.inputkit.io\/?page_id=1983"},"modified":"2022-10-04T19:45:28","modified_gmt":"2022-10-04T19:45:28","slug":"logiciel-nps","status":"publish","type":"page","link":"https:\/\/www.inputkit.io\/fr\/logiciel-experience-client\/logiciel-nps\/","title":{"rendered":"Logiciel Nps"},"content":{"rendered":"","protected":false},"excerpt":{"rendered":"","protected":false},"author":5,"featured_media":0,"parent":38,"menu_order":0,"comment_status":"closed","ping_status":"closed","template":"template-base.php","meta":{"inline_featured_image":false},"acf":[],"yoast_head":"<!-- This site is optimized with the Yoast SEO plugin v19.10 - https:\/\/yoast.com\/wordpress\/plugins\/seo\/ -->\n<title>Logiciel Nps - Inputkit<\/title>\n<meta name=\"description\" content=\"D\u00e9couvrez InputKit, le logiciel de Net Promoter Score permettant de mesurer, d&#039;analyser et de r\u00e9agir aux r\u00e9troactions clients pour maximiser leur satisfaction!\" \/>\n<meta name=\"robots\" content=\"index, follow, max-snippet:-1, max-image-preview:large, max-video-preview:-1\" \/>\n<link rel=\"canonical\" href=\"https:\/\/www.inputkit.io\/fr\/logiciel-experience-client\/logiciel-nps\/\" \/>\n<meta property=\"og:locale\" content=\"fr_FR\" \/>\n<meta property=\"og:type\" content=\"article\" \/>\n<meta property=\"og:title\" content=\"Logiciel Nps - Inputkit\" \/>\n<meta property=\"og:description\" content=\"D\u00e9couvrez InputKit, le logiciel de Net Promoter Score permettant de mesurer, d&#039;analyser et de r\u00e9agir aux r\u00e9troactions clients pour maximiser leur satisfaction!\" \/>\n<meta property=\"og:url\" content=\"https:\/\/www.inputkit.io\/fr\/logiciel-experience-client\/logiciel-nps\/\" \/>\n<meta property=\"og:site_name\" content=\"Inputkit\" \/>\n<meta property=\"article:modified_time\" content=\"2022-10-04T19:45:28+00:00\" \/>\n<meta property=\"og:image\" content=\"https:\/\/www.inputkit.io\/wp-content\/uploads\/2022\/08\/facebook.jpg\" \/>\n\t<meta property=\"og:image:width\" content=\"1200\" \/>\n\t<meta property=\"og:image:height\" content=\"630\" \/>\n\t<meta property=\"og:image:type\" content=\"image\/jpeg\" \/>\n<meta name=\"twitter:card\" content=\"summary_large_image\" \/>\n<!-- \/ Yoast SEO plugin. -->","yoast_head_json":{"title":"Logiciel Nps - Inputkit","description":"D\u00e9couvrez InputKit, le logiciel de Net Promoter Score permettant de mesurer, d'analyser et de r\u00e9agir aux r\u00e9troactions clients pour maximiser leur satisfaction!","robots":{"index":"index","follow":"follow","max-snippet":"max-snippet:-1","max-image-preview":"max-image-preview:large","max-video-preview":"max-video-preview:-1"},"canonical":"https:\/\/www.inputkit.io\/fr\/logiciel-experience-client\/logiciel-nps\/","og_locale":"fr_FR","og_type":"article","og_title":"Logiciel Nps - Inputkit","og_description":"D\u00e9couvrez InputKit, le logiciel de Net Promoter Score permettant de mesurer, d'analyser et de r\u00e9agir aux r\u00e9troactions clients pour maximiser leur satisfaction!","og_url":"https:\/\/www.inputkit.io\/fr\/logiciel-experience-client\/logiciel-nps\/","og_site_name":"Inputkit","article_modified_time":"2022-10-04T19:45:28+00:00","og_image":[{"width":1200,"height":630,"url":"https:\/\/www.inputkit.io\/wp-content\/uploads\/2022\/08\/facebook.jpg","type":"image\/jpeg"}],"twitter_card":"summary_large_image","schema":{"@context":"https:\/\/schema.org","@graph":[{"@type":"WebPage","@id":"https:\/\/www.inputkit.io\/fr\/logiciel-experience-client\/logiciel-nps\/","url":"https:\/\/www.inputkit.io\/fr\/logiciel-experience-client\/logiciel-nps\/","name":"Logiciel Nps - Inputkit","isPartOf":{"@id":"https:\/\/www.inputkit.io\/fr\/#website"},"datePublished":"2022-09-09T00:09:58+00:00","dateModified":"2022-10-04T19:45:28+00:00","description":"D\u00e9couvrez InputKit, le logiciel de Net Promoter Score permettant de mesurer, d'analyser et de r\u00e9agir aux r\u00e9troactions clients pour maximiser leur satisfaction!","breadcrumb":{"@id":"https:\/\/www.inputkit.io\/fr\/logiciel-experience-client\/logiciel-nps\/#breadcrumb"},"inLanguage":"fr-FR","potentialAction":[{"@type":"ReadAction","target":["https:\/\/www.inputkit.io\/fr\/logiciel-experience-client\/logiciel-nps\/"]}]},{"@type":"BreadcrumbList","@id":"https:\/\/www.inputkit.io\/fr\/logiciel-experience-client\/logiciel-nps\/#breadcrumb","itemListElement":[{"@type":"ListItem","position":1,"name":"Home","item":"https:\/\/www.inputkit.io\/fr\/"},{"@type":"ListItem","position":2,"name":"Logiciel d&rsquo;exp\u00e9rience client","item":"https:\/\/www.inputkit.io\/fr\/logiciel-experience-client\/"},{"@type":"ListItem","position":3,"name":"Logiciel Nps"}]},{"@type":"WebSite","@id":"https:\/\/www.inputkit.io\/fr\/#website","url":"https:\/\/www.inputkit.io\/fr\/","name":"Inputkit","description":"Am\u00e9liorez Votre Exp\u00e9rience Client","potentialAction":[{"@type":"SearchAction","target":{"@type":"EntryPoint","urlTemplate":"https:\/\/www.inputkit.io\/fr\/?s={search_term_string}"},"query-input":"required name=search_term_string"}],"inLanguage":"fr-FR"}]}},"_links":{"self":[{"href":"https:\/\/www.inputkit.io\/fr\/wp-json\/wp\/v2\/pages\/1983"}],"collection":[{"href":"https:\/\/www.inputkit.io\/fr\/wp-json\/wp\/v2\/pages"}],"about":[{"href":"https:\/\/www.inputkit.io\/fr\/wp-json\/wp\/v2\/types\/page"}],"author":[{"embeddable":true,"href":"https:\/\/www.inputkit.io\/fr\/wp-json\/wp\/v2\/users\/5"}],"replies":[{"embeddable":true,"href":"https:\/\/www.inputkit.io\/fr\/wp-json\/wp\/v2\/comments?post=1983"}],"version-history":[{"count":9,"href":"https:\/\/www.inputkit.io\/fr\/wp-json\/wp\/v2\/pages\/1983\/revisions"}],"predecessor-version":[{"id":4685,"href":"https:\/\/www.inputkit.io\/fr\/wp-json\/wp\/v2\/pages\/1983\/revisions\/4685"}],"up":[{"embeddable":true,"href":"https:\/\/www.inputkit.io\/fr\/wp-json\/wp\/v2\/pages\/38"}],"wp:attachment":[{"href":"https:\/\/www.inputkit.io\/fr\/wp-json\/wp\/v2\/media?parent=1983"}],"curies":[{"name":"wp","href":"https:\/\/api.w.org\/{rel}","templated":true}]}}