{"id":1998,"date":"2022-09-09T00:20:08","date_gmt":"2022-09-09T00:20:08","guid":{"rendered":"https:\/\/www.inputkit.io\/?page_id=1998"},"modified":"2022-09-29T13:32:52","modified_gmt":"2022-09-29T13:32:52","slug":"solution-evaluation-employe","status":"publish","type":"page","link":"https:\/\/www.inputkit.io\/fr\/logiciel-experience-client\/solution-evaluation-employe\/","title":{"rendered":"Solution \u00e9valuation des employ\u00e9s"},"content":{"rendered":"","protected":false},"excerpt":{"rendered":"","protected":false},"author":5,"featured_media":0,"parent":38,"menu_order":0,"comment_status":"closed","ping_status":"closed","template":"template-base.php","meta":{"inline_featured_image":false},"acf":[],"yoast_head":"<!-- This site is optimized with the Yoast SEO plugin v19.10 - https:\/\/yoast.com\/wordpress\/plugins\/seo\/ -->\n<title>Solution \u00e9valuation des employ\u00e9s - Inputkit<\/title>\n<meta name=\"description\" content=\"D\u00e9couvrez InputKit, la meilleure solution d&#039;\u00e9valuation des employ\u00e9s. Optez pour notre solution automatis\u00e9e d&#039;\u00e9valuation de la performance des collaborateurs!\" \/>\n<meta name=\"robots\" content=\"index, follow, max-snippet:-1, max-image-preview:large, max-video-preview:-1\" \/>\n<link rel=\"canonical\" href=\"https:\/\/www.inputkit.io\/fr\/logiciel-experience-client\/solution-evaluation-employe\/\" \/>\n<meta property=\"og:locale\" content=\"fr_FR\" \/>\n<meta property=\"og:type\" content=\"article\" \/>\n<meta property=\"og:title\" content=\"Solution \u00e9valuation des employ\u00e9s - Inputkit\" \/>\n<meta property=\"og:description\" content=\"D\u00e9couvrez InputKit, la meilleure solution d&#039;\u00e9valuation des employ\u00e9s. Optez pour notre solution automatis\u00e9e d&#039;\u00e9valuation de la performance des collaborateurs!\" \/>\n<meta property=\"og:url\" content=\"https:\/\/www.inputkit.io\/fr\/logiciel-experience-client\/solution-evaluation-employe\/\" \/>\n<meta property=\"og:site_name\" content=\"Inputkit\" \/>\n<meta property=\"article:modified_time\" content=\"2022-09-29T13:32:52+00:00\" \/>\n<meta property=\"og:image\" content=\"https:\/\/www.inputkit.io\/wp-content\/uploads\/2022\/08\/facebook.jpg\" \/>\n\t<meta property=\"og:image:width\" content=\"1200\" \/>\n\t<meta property=\"og:image:height\" content=\"630\" \/>\n\t<meta property=\"og:image:type\" content=\"image\/jpeg\" \/>\n<meta name=\"twitter:card\" content=\"summary_large_image\" \/>\n<!-- \/ Yoast SEO plugin. -->","yoast_head_json":{"title":"Solution \u00e9valuation des employ\u00e9s - Inputkit","description":"D\u00e9couvrez InputKit, la meilleure solution d'\u00e9valuation des employ\u00e9s. Optez pour notre solution automatis\u00e9e d'\u00e9valuation de la performance des collaborateurs!","robots":{"index":"index","follow":"follow","max-snippet":"max-snippet:-1","max-image-preview":"max-image-preview:large","max-video-preview":"max-video-preview:-1"},"canonical":"https:\/\/www.inputkit.io\/fr\/logiciel-experience-client\/solution-evaluation-employe\/","og_locale":"fr_FR","og_type":"article","og_title":"Solution \u00e9valuation des employ\u00e9s - Inputkit","og_description":"D\u00e9couvrez InputKit, la meilleure solution d'\u00e9valuation des employ\u00e9s. Optez pour notre solution automatis\u00e9e d'\u00e9valuation de la performance des collaborateurs!","og_url":"https:\/\/www.inputkit.io\/fr\/logiciel-experience-client\/solution-evaluation-employe\/","og_site_name":"Inputkit","article_modified_time":"2022-09-29T13:32:52+00:00","og_image":[{"width":1200,"height":630,"url":"https:\/\/www.inputkit.io\/wp-content\/uploads\/2022\/08\/facebook.jpg","type":"image\/jpeg"}],"twitter_card":"summary_large_image","schema":{"@context":"https:\/\/schema.org","@graph":[{"@type":"WebPage","@id":"https:\/\/www.inputkit.io\/fr\/logiciel-experience-client\/solution-evaluation-employe\/","url":"https:\/\/www.inputkit.io\/fr\/logiciel-experience-client\/solution-evaluation-employe\/","name":"Solution \u00e9valuation des employ\u00e9s - Inputkit","isPartOf":{"@id":"https:\/\/www.inputkit.io\/fr\/#website"},"datePublished":"2022-09-09T00:20:08+00:00","dateModified":"2022-09-29T13:32:52+00:00","description":"D\u00e9couvrez InputKit, la meilleure solution d'\u00e9valuation des employ\u00e9s. Optez pour notre solution automatis\u00e9e d'\u00e9valuation de la performance des collaborateurs!","breadcrumb":{"@id":"https:\/\/www.inputkit.io\/fr\/logiciel-experience-client\/solution-evaluation-employe\/#breadcrumb"},"inLanguage":"fr-FR","potentialAction":[{"@type":"ReadAction","target":["https:\/\/www.inputkit.io\/fr\/logiciel-experience-client\/solution-evaluation-employe\/"]}]},{"@type":"BreadcrumbList","@id":"https:\/\/www.inputkit.io\/fr\/logiciel-experience-client\/solution-evaluation-employe\/#breadcrumb","itemListElement":[{"@type":"ListItem","position":1,"name":"Home","item":"https:\/\/www.inputkit.io\/fr\/"},{"@type":"ListItem","position":2,"name":"Logiciel d&rsquo;exp\u00e9rience client","item":"https:\/\/www.inputkit.io\/fr\/logiciel-experience-client\/"},{"@type":"ListItem","position":3,"name":"Solution \u00e9valuation des employ\u00e9s"}]},{"@type":"WebSite","@id":"https:\/\/www.inputkit.io\/fr\/#website","url":"https:\/\/www.inputkit.io\/fr\/","name":"Inputkit","description":"Am\u00e9liorez Votre Exp\u00e9rience Client","potentialAction":[{"@type":"SearchAction","target":{"@type":"EntryPoint","urlTemplate":"https:\/\/www.inputkit.io\/fr\/?s={search_term_string}"},"query-input":"required name=search_term_string"}],"inLanguage":"fr-FR"}]}},"_links":{"self":[{"href":"https:\/\/www.inputkit.io\/fr\/wp-json\/wp\/v2\/pages\/1998"}],"collection":[{"href":"https:\/\/www.inputkit.io\/fr\/wp-json\/wp\/v2\/pages"}],"about":[{"href":"https:\/\/www.inputkit.io\/fr\/wp-json\/wp\/v2\/types\/page"}],"author":[{"embeddable":true,"href":"https:\/\/www.inputkit.io\/fr\/wp-json\/wp\/v2\/users\/5"}],"replies":[{"embeddable":true,"href":"https:\/\/www.inputkit.io\/fr\/wp-json\/wp\/v2\/comments?post=1998"}],"version-history":[{"count":8,"href":"https:\/\/www.inputkit.io\/fr\/wp-json\/wp\/v2\/pages\/1998\/revisions"}],"predecessor-version":[{"id":2933,"href":"https:\/\/www.inputkit.io\/fr\/wp-json\/wp\/v2\/pages\/1998\/revisions\/2933"}],"up":[{"embeddable":true,"href":"https:\/\/www.inputkit.io\/fr\/wp-json\/wp\/v2\/pages\/38"}],"wp:attachment":[{"href":"https:\/\/www.inputkit.io\/fr\/wp-json\/wp\/v2\/media?parent=1998"}],"curies":[{"name":"wp","href":"https:\/\/api.w.org\/{rel}","templated":true}]}}