{"id":2019,"date":"2022-09-09T00:55:53","date_gmt":"2022-09-09T00:55:53","guid":{"rendered":"https:\/\/www.inputkit.io\/?page_id=2019"},"modified":"2022-11-22T17:05:08","modified_gmt":"2022-11-22T17:05:08","slug":"sondage-sondage-ponctuel-employes","status":"publish","type":"page","link":"https:\/\/www.inputkit.io\/fr\/logiciel-experience-employes\/sondage-sondage-ponctuel-employes\/","title":{"rendered":"Logiciel sondage ponctuel pour employ\u00e9s"},"content":{"rendered":"","protected":false},"excerpt":{"rendered":"","protected":false},"author":5,"featured_media":0,"parent":1694,"menu_order":0,"comment_status":"closed","ping_status":"closed","template":"template-base.php","meta":{"inline_featured_image":false},"acf":[],"yoast_head":"<!-- This site is optimized with the Yoast SEO plugin v19.10 - https:\/\/yoast.com\/wordpress\/plugins\/seo\/ -->\n<title>Logiciel sondage ponctuel pour employ\u00e9s - Inputkit<\/title>\n<meta name=\"description\" content=\"InputKit, le logiciel de sondage Ponctuel permettant d&#039;obtenir des r\u00e9troactions pr\u00e9cises pour prendre des d\u00e9cisions \u00e9clair\u00e9es lors d&#039;organisation d&#039;\u00e9v\u00e8nements. D\u00e9couvrez notre solution d\u00e8s maintenant!\" \/>\n<meta name=\"robots\" content=\"index, follow, max-snippet:-1, max-image-preview:large, max-video-preview:-1\" \/>\n<link rel=\"canonical\" href=\"https:\/\/www.inputkit.io\/fr\/logiciel-experience-employes\/sondage-sondage-ponctuel-employes\/\" \/>\n<meta property=\"og:locale\" content=\"fr_FR\" \/>\n<meta property=\"og:type\" content=\"article\" \/>\n<meta property=\"og:title\" content=\"Logiciel sondage ponctuel pour employ\u00e9s - Inputkit\" \/>\n<meta property=\"og:description\" content=\"InputKit, le logiciel de sondage Ponctuel permettant d&#039;obtenir des r\u00e9troactions pr\u00e9cises pour prendre des d\u00e9cisions \u00e9clair\u00e9es lors d&#039;organisation d&#039;\u00e9v\u00e8nements. D\u00e9couvrez notre solution d\u00e8s maintenant!\" \/>\n<meta property=\"og:url\" content=\"https:\/\/www.inputkit.io\/fr\/logiciel-experience-employes\/sondage-sondage-ponctuel-employes\/\" \/>\n<meta property=\"og:site_name\" content=\"Inputkit\" \/>\n<meta property=\"article:modified_time\" content=\"2022-11-22T17:05:08+00:00\" \/>\n<meta property=\"og:image\" content=\"https:\/\/www.inputkit.io\/wp-content\/uploads\/2022\/08\/facebook.jpg\" \/>\n\t<meta property=\"og:image:width\" content=\"1200\" \/>\n\t<meta property=\"og:image:height\" content=\"630\" \/>\n\t<meta property=\"og:image:type\" content=\"image\/jpeg\" \/>\n<meta name=\"twitter:card\" content=\"summary_large_image\" \/>\n<!-- \/ Yoast SEO plugin. -->","yoast_head_json":{"title":"Logiciel sondage ponctuel pour employ\u00e9s - Inputkit","description":"InputKit, le logiciel de sondage Ponctuel permettant d'obtenir des r\u00e9troactions pr\u00e9cises pour prendre des d\u00e9cisions \u00e9clair\u00e9es lors d'organisation d'\u00e9v\u00e8nements. D\u00e9couvrez notre solution d\u00e8s maintenant!","robots":{"index":"index","follow":"follow","max-snippet":"max-snippet:-1","max-image-preview":"max-image-preview:large","max-video-preview":"max-video-preview:-1"},"canonical":"https:\/\/www.inputkit.io\/fr\/logiciel-experience-employes\/sondage-sondage-ponctuel-employes\/","og_locale":"fr_FR","og_type":"article","og_title":"Logiciel sondage ponctuel pour employ\u00e9s - Inputkit","og_description":"InputKit, le logiciel de sondage Ponctuel permettant d'obtenir des r\u00e9troactions pr\u00e9cises pour prendre des d\u00e9cisions \u00e9clair\u00e9es lors d'organisation d'\u00e9v\u00e8nements. D\u00e9couvrez notre solution d\u00e8s maintenant!","og_url":"https:\/\/www.inputkit.io\/fr\/logiciel-experience-employes\/sondage-sondage-ponctuel-employes\/","og_site_name":"Inputkit","article_modified_time":"2022-11-22T17:05:08+00:00","og_image":[{"width":1200,"height":630,"url":"https:\/\/www.inputkit.io\/wp-content\/uploads\/2022\/08\/facebook.jpg","type":"image\/jpeg"}],"twitter_card":"summary_large_image","schema":{"@context":"https:\/\/schema.org","@graph":[{"@type":"WebPage","@id":"https:\/\/www.inputkit.io\/fr\/logiciel-experience-employes\/sondage-sondage-ponctuel-employes\/","url":"https:\/\/www.inputkit.io\/fr\/logiciel-experience-employes\/sondage-sondage-ponctuel-employes\/","name":"Logiciel sondage ponctuel pour employ\u00e9s - Inputkit","isPartOf":{"@id":"https:\/\/www.inputkit.io\/fr\/#website"},"datePublished":"2022-09-09T00:55:53+00:00","dateModified":"2022-11-22T17:05:08+00:00","description":"InputKit, le logiciel de sondage Ponctuel permettant d'obtenir des r\u00e9troactions pr\u00e9cises pour prendre des d\u00e9cisions \u00e9clair\u00e9es lors d'organisation d'\u00e9v\u00e8nements. D\u00e9couvrez notre solution d\u00e8s maintenant!","breadcrumb":{"@id":"https:\/\/www.inputkit.io\/fr\/logiciel-experience-employes\/sondage-sondage-ponctuel-employes\/#breadcrumb"},"inLanguage":"fr-FR","potentialAction":[{"@type":"ReadAction","target":["https:\/\/www.inputkit.io\/fr\/logiciel-experience-employes\/sondage-sondage-ponctuel-employes\/"]}]},{"@type":"BreadcrumbList","@id":"https:\/\/www.inputkit.io\/fr\/logiciel-experience-employes\/sondage-sondage-ponctuel-employes\/#breadcrumb","itemListElement":[{"@type":"ListItem","position":1,"name":"Home","item":"https:\/\/www.inputkit.io\/fr\/"},{"@type":"ListItem","position":2,"name":"Logiciel optimisation exp\u00e9rience employ\u00e9s","item":"https:\/\/www.inputkit.io\/fr\/logiciel-experience-employes\/"},{"@type":"ListItem","position":3,"name":"Logiciel sondage ponctuel pour employ\u00e9s"}]},{"@type":"WebSite","@id":"https:\/\/www.inputkit.io\/fr\/#website","url":"https:\/\/www.inputkit.io\/fr\/","name":"Inputkit","description":"Am\u00e9liorez Votre Exp\u00e9rience Client","potentialAction":[{"@type":"SearchAction","target":{"@type":"EntryPoint","urlTemplate":"https:\/\/www.inputkit.io\/fr\/?s={search_term_string}"},"query-input":"required name=search_term_string"}],"inLanguage":"fr-FR"}]}},"_links":{"self":[{"href":"https:\/\/www.inputkit.io\/fr\/wp-json\/wp\/v2\/pages\/2019"}],"collection":[{"href":"https:\/\/www.inputkit.io\/fr\/wp-json\/wp\/v2\/pages"}],"about":[{"href":"https:\/\/www.inputkit.io\/fr\/wp-json\/wp\/v2\/types\/page"}],"author":[{"embeddable":true,"href":"https:\/\/www.inputkit.io\/fr\/wp-json\/wp\/v2\/users\/5"}],"replies":[{"embeddable":true,"href":"https:\/\/www.inputkit.io\/fr\/wp-json\/wp\/v2\/comments?post=2019"}],"version-history":[{"count":14,"href":"https:\/\/www.inputkit.io\/fr\/wp-json\/wp\/v2\/pages\/2019\/revisions"}],"predecessor-version":[{"id":6510,"href":"https:\/\/www.inputkit.io\/fr\/wp-json\/wp\/v2\/pages\/2019\/revisions\/6510"}],"up":[{"embeddable":true,"href":"https:\/\/www.inputkit.io\/fr\/wp-json\/wp\/v2\/pages\/1694"}],"wp:attachment":[{"href":"https:\/\/www.inputkit.io\/fr\/wp-json\/wp\/v2\/media?parent=2019"}],"curies":[{"name":"wp","href":"https:\/\/api.w.org\/{rel}","templated":true}]}}