{"id":2037,"date":"2022-09-09T12:49:41","date_gmt":"2022-09-09T12:49:41","guid":{"rendered":"https:\/\/www.inputkit.io\/?page_id=2037"},"modified":"2022-09-29T13:42:48","modified_gmt":"2022-09-29T13:42:48","slug":"logiciel-collecte-avis-en-ligne","status":"publish","type":"page","link":"https:\/\/www.inputkit.io\/fr\/e-reputation\/logiciel-collecte-avis-en-ligne\/","title":{"rendered":"Logiciel collecte avis en ligne"},"content":{"rendered":"","protected":false},"excerpt":{"rendered":"","protected":false},"author":5,"featured_media":0,"parent":1710,"menu_order":0,"comment_status":"closed","ping_status":"closed","template":"template-base.php","meta":{"inline_featured_image":false},"acf":[],"yoast_head":"<!-- This site is optimized with the Yoast SEO plugin v19.10 - https:\/\/yoast.com\/wordpress\/plugins\/seo\/ -->\n<title>Logiciel collecte avis en ligne - Inputkit<\/title>\n<meta name=\"description\" content=\"Le logiciel de collecte d&#039;avis clients automatis\u00e9 pour g\u00e9rer vos avis sur Google, Yelp et plus! Faites-vous conna\u00eetre sur les plateformes d&#039;avis avec InputKit.\" \/>\n<meta name=\"robots\" content=\"index, follow, max-snippet:-1, max-image-preview:large, max-video-preview:-1\" \/>\n<link rel=\"canonical\" href=\"https:\/\/www.inputkit.io\/fr\/e-reputation\/logiciel-collecte-avis-en-ligne\/\" \/>\n<meta property=\"og:locale\" content=\"fr_FR\" \/>\n<meta property=\"og:type\" content=\"article\" \/>\n<meta property=\"og:title\" content=\"Logiciel collecte avis en ligne - Inputkit\" \/>\n<meta property=\"og:description\" content=\"Le logiciel de collecte d&#039;avis clients automatis\u00e9 pour g\u00e9rer vos avis sur Google, Yelp et plus! Faites-vous conna\u00eetre sur les plateformes d&#039;avis avec InputKit.\" \/>\n<meta property=\"og:url\" content=\"https:\/\/www.inputkit.io\/fr\/e-reputation\/logiciel-collecte-avis-en-ligne\/\" \/>\n<meta property=\"og:site_name\" content=\"Inputkit\" \/>\n<meta property=\"article:modified_time\" content=\"2022-09-29T13:42:48+00:00\" \/>\n<meta property=\"og:image\" content=\"https:\/\/www.inputkit.io\/wp-content\/uploads\/2022\/08\/facebook.jpg\" \/>\n\t<meta property=\"og:image:width\" content=\"1200\" \/>\n\t<meta property=\"og:image:height\" content=\"630\" \/>\n\t<meta property=\"og:image:type\" content=\"image\/jpeg\" \/>\n<meta name=\"twitter:card\" content=\"summary_large_image\" \/>\n<!-- \/ Yoast SEO plugin. -->","yoast_head_json":{"title":"Logiciel collecte avis en ligne - Inputkit","description":"Le logiciel de collecte d'avis clients automatis\u00e9 pour g\u00e9rer vos avis sur Google, Yelp et plus! Faites-vous conna\u00eetre sur les plateformes d'avis avec InputKit.","robots":{"index":"index","follow":"follow","max-snippet":"max-snippet:-1","max-image-preview":"max-image-preview:large","max-video-preview":"max-video-preview:-1"},"canonical":"https:\/\/www.inputkit.io\/fr\/e-reputation\/logiciel-collecte-avis-en-ligne\/","og_locale":"fr_FR","og_type":"article","og_title":"Logiciel collecte avis en ligne - Inputkit","og_description":"Le logiciel de collecte d'avis clients automatis\u00e9 pour g\u00e9rer vos avis sur Google, Yelp et plus! Faites-vous conna\u00eetre sur les plateformes d'avis avec InputKit.","og_url":"https:\/\/www.inputkit.io\/fr\/e-reputation\/logiciel-collecte-avis-en-ligne\/","og_site_name":"Inputkit","article_modified_time":"2022-09-29T13:42:48+00:00","og_image":[{"width":1200,"height":630,"url":"https:\/\/www.inputkit.io\/wp-content\/uploads\/2022\/08\/facebook.jpg","type":"image\/jpeg"}],"twitter_card":"summary_large_image","schema":{"@context":"https:\/\/schema.org","@graph":[{"@type":"WebPage","@id":"https:\/\/www.inputkit.io\/fr\/e-reputation\/logiciel-collecte-avis-en-ligne\/","url":"https:\/\/www.inputkit.io\/fr\/e-reputation\/logiciel-collecte-avis-en-ligne\/","name":"Logiciel collecte avis en ligne - Inputkit","isPartOf":{"@id":"https:\/\/www.inputkit.io\/fr\/#website"},"datePublished":"2022-09-09T12:49:41+00:00","dateModified":"2022-09-29T13:42:48+00:00","description":"Le logiciel de collecte d'avis clients automatis\u00e9 pour g\u00e9rer vos avis sur Google, Yelp et plus! Faites-vous conna\u00eetre sur les plateformes d'avis avec InputKit.","breadcrumb":{"@id":"https:\/\/www.inputkit.io\/fr\/e-reputation\/logiciel-collecte-avis-en-ligne\/#breadcrumb"},"inLanguage":"fr-FR","potentialAction":[{"@type":"ReadAction","target":["https:\/\/www.inputkit.io\/fr\/e-reputation\/logiciel-collecte-avis-en-ligne\/"]}]},{"@type":"BreadcrumbList","@id":"https:\/\/www.inputkit.io\/fr\/e-reputation\/logiciel-collecte-avis-en-ligne\/#breadcrumb","itemListElement":[{"@type":"ListItem","position":1,"name":"Home","item":"https:\/\/www.inputkit.io\/fr\/"},{"@type":"ListItem","position":2,"name":"Solution d&rsquo;am\u00e9lioration de la r\u00e9putation en ligne d&rsquo;entreprise","item":"https:\/\/www.inputkit.io\/fr\/e-reputation\/"},{"@type":"ListItem","position":3,"name":"Logiciel collecte avis en ligne"}]},{"@type":"WebSite","@id":"https:\/\/www.inputkit.io\/fr\/#website","url":"https:\/\/www.inputkit.io\/fr\/","name":"Inputkit","description":"Am\u00e9liorez Votre Exp\u00e9rience Client","potentialAction":[{"@type":"SearchAction","target":{"@type":"EntryPoint","urlTemplate":"https:\/\/www.inputkit.io\/fr\/?s={search_term_string}"},"query-input":"required name=search_term_string"}],"inLanguage":"fr-FR"}]}},"_links":{"self":[{"href":"https:\/\/www.inputkit.io\/fr\/wp-json\/wp\/v2\/pages\/2037"}],"collection":[{"href":"https:\/\/www.inputkit.io\/fr\/wp-json\/wp\/v2\/pages"}],"about":[{"href":"https:\/\/www.inputkit.io\/fr\/wp-json\/wp\/v2\/types\/page"}],"author":[{"embeddable":true,"href":"https:\/\/www.inputkit.io\/fr\/wp-json\/wp\/v2\/users\/5"}],"replies":[{"embeddable":true,"href":"https:\/\/www.inputkit.io\/fr\/wp-json\/wp\/v2\/comments?post=2037"}],"version-history":[{"count":8,"href":"https:\/\/www.inputkit.io\/fr\/wp-json\/wp\/v2\/pages\/2037\/revisions"}],"predecessor-version":[{"id":3731,"href":"https:\/\/www.inputkit.io\/fr\/wp-json\/wp\/v2\/pages\/2037\/revisions\/3731"}],"up":[{"embeddable":true,"href":"https:\/\/www.inputkit.io\/fr\/wp-json\/wp\/v2\/pages\/1710"}],"wp:attachment":[{"href":"https:\/\/www.inputkit.io\/fr\/wp-json\/wp\/v2\/media?parent=2037"}],"curies":[{"name":"wp","href":"https:\/\/api.w.org\/{rel}","templated":true}]}}