{"id":2365,"date":"2022-09-12T15:53:21","date_gmt":"2022-09-12T15:53:21","guid":{"rendered":"https:\/\/www.inputkit.io\/?page_id=2365"},"modified":"2025-10-15T10:31:00","modified_gmt":"2025-10-15T10:31:00","slug":"logiciel-satisfaction-client-services-residentiels","status":"publish","type":"page","link":"https:\/\/www.inputkit.io\/fr\/logiciel-satisfaction-client-services-residentiels\/","title":{"rendered":"Services r\u00e9sidentiels"},"content":{"rendered":"","protected":false},"excerpt":{"rendered":"","protected":false},"author":5,"featured_media":0,"parent":0,"menu_order":0,"comment_status":"closed","ping_status":"closed","template":"template-base.php","meta":{"inline_featured_image":false},"acf":[],"yoast_head":"<!-- This site is optimized with the Yoast SEO plugin v19.10 - https:\/\/yoast.com\/wordpress\/plugins\/seo\/ -->\n<title>Services r\u00e9sidentiels - Inputkit<\/title>\n<meta name=\"description\" content=\"Le logiciel de satisfaction client pour prestataires de services r\u00e9sidentiels. Fid\u00e9lisez vos clients en leur offrant une exp\u00e9rience exceptionnelle gr\u00e2ce \u00e0 InputKit!\" \/>\n<meta name=\"robots\" content=\"index, follow, max-snippet:-1, max-image-preview:large, max-video-preview:-1\" \/>\n<link rel=\"canonical\" href=\"https:\/\/www.inputkit.io\/fr\/logiciel-satisfaction-client-services-residentiels\/\" \/>\n<meta property=\"og:locale\" content=\"fr_FR\" \/>\n<meta property=\"og:type\" content=\"article\" \/>\n<meta property=\"og:title\" content=\"Services r\u00e9sidentiels - Inputkit\" \/>\n<meta property=\"og:description\" content=\"Le logiciel de satisfaction client pour prestataires de services r\u00e9sidentiels. Fid\u00e9lisez vos clients en leur offrant une exp\u00e9rience exceptionnelle gr\u00e2ce \u00e0 InputKit!\" \/>\n<meta property=\"og:url\" content=\"https:\/\/www.inputkit.io\/fr\/logiciel-satisfaction-client-services-residentiels\/\" \/>\n<meta property=\"og:site_name\" content=\"Inputkit\" \/>\n<meta property=\"article:modified_time\" content=\"2025-10-15T10:31:00+00:00\" \/>\n<meta property=\"og:image\" content=\"https:\/\/www.inputkit.io\/wp-content\/uploads\/2022\/08\/facebook.jpg\" \/>\n\t<meta property=\"og:image:width\" content=\"1200\" \/>\n\t<meta property=\"og:image:height\" content=\"630\" \/>\n\t<meta property=\"og:image:type\" content=\"image\/jpeg\" \/>\n<meta name=\"twitter:card\" content=\"summary_large_image\" \/>\n<!-- \/ Yoast SEO plugin. -->","yoast_head_json":{"title":"Services r\u00e9sidentiels - Inputkit","description":"Le logiciel de satisfaction client pour prestataires de services r\u00e9sidentiels. Fid\u00e9lisez vos clients en leur offrant une exp\u00e9rience exceptionnelle gr\u00e2ce \u00e0 InputKit!","robots":{"index":"index","follow":"follow","max-snippet":"max-snippet:-1","max-image-preview":"max-image-preview:large","max-video-preview":"max-video-preview:-1"},"canonical":"https:\/\/www.inputkit.io\/fr\/logiciel-satisfaction-client-services-residentiels\/","og_locale":"fr_FR","og_type":"article","og_title":"Services r\u00e9sidentiels - Inputkit","og_description":"Le logiciel de satisfaction client pour prestataires de services r\u00e9sidentiels. Fid\u00e9lisez vos clients en leur offrant une exp\u00e9rience exceptionnelle gr\u00e2ce \u00e0 InputKit!","og_url":"https:\/\/www.inputkit.io\/fr\/logiciel-satisfaction-client-services-residentiels\/","og_site_name":"Inputkit","article_modified_time":"2025-10-15T10:31:00+00:00","og_image":[{"width":1200,"height":630,"url":"https:\/\/www.inputkit.io\/wp-content\/uploads\/2022\/08\/facebook.jpg","type":"image\/jpeg"}],"twitter_card":"summary_large_image","schema":{"@context":"https:\/\/schema.org","@graph":[{"@type":"WebPage","@id":"https:\/\/www.inputkit.io\/fr\/logiciel-satisfaction-client-services-residentiels\/","url":"https:\/\/www.inputkit.io\/fr\/logiciel-satisfaction-client-services-residentiels\/","name":"Services r\u00e9sidentiels - Inputkit","isPartOf":{"@id":"https:\/\/www.inputkit.io\/fr\/#website"},"datePublished":"2022-09-12T15:53:21+00:00","dateModified":"2025-10-15T10:31:00+00:00","description":"Le logiciel de satisfaction client pour prestataires de services r\u00e9sidentiels. Fid\u00e9lisez vos clients en leur offrant une exp\u00e9rience exceptionnelle gr\u00e2ce \u00e0 InputKit!","breadcrumb":{"@id":"https:\/\/www.inputkit.io\/fr\/logiciel-satisfaction-client-services-residentiels\/#breadcrumb"},"inLanguage":"fr-FR","potentialAction":[{"@type":"ReadAction","target":["https:\/\/www.inputkit.io\/fr\/logiciel-satisfaction-client-services-residentiels\/"]}]},{"@type":"BreadcrumbList","@id":"https:\/\/www.inputkit.io\/fr\/logiciel-satisfaction-client-services-residentiels\/#breadcrumb","itemListElement":[{"@type":"ListItem","position":1,"name":"Home","item":"https:\/\/www.inputkit.io\/fr\/"},{"@type":"ListItem","position":2,"name":"Services r\u00e9sidentiels"}]},{"@type":"WebSite","@id":"https:\/\/www.inputkit.io\/fr\/#website","url":"https:\/\/www.inputkit.io\/fr\/","name":"Inputkit","description":"Am\u00e9liorez Votre Exp\u00e9rience Client","potentialAction":[{"@type":"SearchAction","target":{"@type":"EntryPoint","urlTemplate":"https:\/\/www.inputkit.io\/fr\/?s={search_term_string}"},"query-input":"required name=search_term_string"}],"inLanguage":"fr-FR"}]}},"_links":{"self":[{"href":"https:\/\/www.inputkit.io\/fr\/wp-json\/wp\/v2\/pages\/2365"}],"collection":[{"href":"https:\/\/www.inputkit.io\/fr\/wp-json\/wp\/v2\/pages"}],"about":[{"href":"https:\/\/www.inputkit.io\/fr\/wp-json\/wp\/v2\/types\/page"}],"author":[{"embeddable":true,"href":"https:\/\/www.inputkit.io\/fr\/wp-json\/wp\/v2\/users\/5"}],"replies":[{"embeddable":true,"href":"https:\/\/www.inputkit.io\/fr\/wp-json\/wp\/v2\/comments?post=2365"}],"version-history":[{"count":56,"href":"https:\/\/www.inputkit.io\/fr\/wp-json\/wp\/v2\/pages\/2365\/revisions"}],"predecessor-version":[{"id":8517,"href":"https:\/\/www.inputkit.io\/fr\/wp-json\/wp\/v2\/pages\/2365\/revisions\/8517"}],"wp:attachment":[{"href":"https:\/\/www.inputkit.io\/fr\/wp-json\/wp\/v2\/media?parent=2365"}],"curies":[{"name":"wp","href":"https:\/\/api.w.org\/{rel}","templated":true}]}}