{"id":38,"date":"2022-05-30T20:14:45","date_gmt":"2022-05-30T20:14:45","guid":{"rendered":"https:\/\/www.inputkit.io\/?page_id=38"},"modified":"2022-10-31T20:49:39","modified_gmt":"2022-10-31T20:49:39","slug":"logiciel-experience-client","status":"publish","type":"page","link":"https:\/\/www.inputkit.io\/fr\/logiciel-experience-client\/","title":{"rendered":"Logiciel d&rsquo;exp\u00e9rience client"},"content":{"rendered":"","protected":false},"excerpt":{"rendered":"","protected":false},"author":2,"featured_media":0,"parent":0,"menu_order":0,"comment_status":"closed","ping_status":"closed","template":"template-base.php","meta":{"inline_featured_image":false},"acf":[],"yoast_head":"<!-- This site is optimized with the Yoast SEO plugin v19.10 - https:\/\/yoast.com\/wordpress\/plugins\/seo\/ -->\n<title>Logiciel d&#039;exp\u00e9rience client - Inputkit<\/title>\n<meta name=\"description\" content=\"Le logiciel de gestion de l&#039;exp\u00e9rience client qui permet de collecter, trier et suivre vos commentaires clients pour optimiser vos pratiques. D\u00e9couvrez InputKit!\" \/>\n<meta name=\"robots\" content=\"index, follow, max-snippet:-1, max-image-preview:large, max-video-preview:-1\" \/>\n<link rel=\"canonical\" href=\"https:\/\/www.inputkit.io\/fr\/logiciel-experience-client\/\" \/>\n<meta property=\"og:locale\" content=\"fr_FR\" \/>\n<meta property=\"og:type\" content=\"article\" \/>\n<meta property=\"og:title\" content=\"Logiciel d&#039;exp\u00e9rience client - Inputkit\" \/>\n<meta property=\"og:description\" content=\"Le logiciel de gestion de l&#039;exp\u00e9rience client qui permet de collecter, trier et suivre vos commentaires clients pour optimiser vos pratiques. D\u00e9couvrez InputKit!\" \/>\n<meta property=\"og:url\" content=\"https:\/\/www.inputkit.io\/fr\/logiciel-experience-client\/\" \/>\n<meta property=\"og:site_name\" content=\"Inputkit\" \/>\n<meta property=\"article:modified_time\" content=\"2022-10-31T20:49:39+00:00\" \/>\n<meta property=\"og:image\" content=\"https:\/\/www.inputkit.io\/wp-content\/uploads\/2022\/08\/facebook.jpg\" \/>\n\t<meta property=\"og:image:width\" content=\"1200\" \/>\n\t<meta property=\"og:image:height\" content=\"630\" \/>\n\t<meta property=\"og:image:type\" content=\"image\/jpeg\" \/>\n<meta name=\"twitter:card\" content=\"summary_large_image\" \/>\n<!-- \/ Yoast SEO plugin. -->","yoast_head_json":{"title":"Logiciel d'exp\u00e9rience client - Inputkit","description":"Le logiciel de gestion de l'exp\u00e9rience client qui permet de collecter, trier et suivre vos commentaires clients pour optimiser vos pratiques. D\u00e9couvrez InputKit!","robots":{"index":"index","follow":"follow","max-snippet":"max-snippet:-1","max-image-preview":"max-image-preview:large","max-video-preview":"max-video-preview:-1"},"canonical":"https:\/\/www.inputkit.io\/fr\/logiciel-experience-client\/","og_locale":"fr_FR","og_type":"article","og_title":"Logiciel d'exp\u00e9rience client - Inputkit","og_description":"Le logiciel de gestion de l'exp\u00e9rience client qui permet de collecter, trier et suivre vos commentaires clients pour optimiser vos pratiques. D\u00e9couvrez InputKit!","og_url":"https:\/\/www.inputkit.io\/fr\/logiciel-experience-client\/","og_site_name":"Inputkit","article_modified_time":"2022-10-31T20:49:39+00:00","og_image":[{"width":1200,"height":630,"url":"https:\/\/www.inputkit.io\/wp-content\/uploads\/2022\/08\/facebook.jpg","type":"image\/jpeg"}],"twitter_card":"summary_large_image","schema":{"@context":"https:\/\/schema.org","@graph":[{"@type":"WebPage","@id":"https:\/\/www.inputkit.io\/fr\/logiciel-experience-client\/","url":"https:\/\/www.inputkit.io\/fr\/logiciel-experience-client\/","name":"Logiciel d'exp\u00e9rience client - Inputkit","isPartOf":{"@id":"https:\/\/www.inputkit.io\/fr\/#website"},"datePublished":"2022-05-30T20:14:45+00:00","dateModified":"2022-10-31T20:49:39+00:00","description":"Le logiciel de gestion de l'exp\u00e9rience client qui permet de collecter, trier et suivre vos commentaires clients pour optimiser vos pratiques. D\u00e9couvrez InputKit!","breadcrumb":{"@id":"https:\/\/www.inputkit.io\/fr\/logiciel-experience-client\/#breadcrumb"},"inLanguage":"fr-FR","potentialAction":[{"@type":"ReadAction","target":["https:\/\/www.inputkit.io\/fr\/logiciel-experience-client\/"]}]},{"@type":"BreadcrumbList","@id":"https:\/\/www.inputkit.io\/fr\/logiciel-experience-client\/#breadcrumb","itemListElement":[{"@type":"ListItem","position":1,"name":"Home","item":"https:\/\/www.inputkit.io\/fr\/"},{"@type":"ListItem","position":2,"name":"Logiciel d&rsquo;exp\u00e9rience client"}]},{"@type":"WebSite","@id":"https:\/\/www.inputkit.io\/fr\/#website","url":"https:\/\/www.inputkit.io\/fr\/","name":"Inputkit","description":"Am\u00e9liorez Votre Exp\u00e9rience Client","potentialAction":[{"@type":"SearchAction","target":{"@type":"EntryPoint","urlTemplate":"https:\/\/www.inputkit.io\/fr\/?s={search_term_string}"},"query-input":"required name=search_term_string"}],"inLanguage":"fr-FR"}]}},"_links":{"self":[{"href":"https:\/\/www.inputkit.io\/fr\/wp-json\/wp\/v2\/pages\/38"}],"collection":[{"href":"https:\/\/www.inputkit.io\/fr\/wp-json\/wp\/v2\/pages"}],"about":[{"href":"https:\/\/www.inputkit.io\/fr\/wp-json\/wp\/v2\/types\/page"}],"author":[{"embeddable":true,"href":"https:\/\/www.inputkit.io\/fr\/wp-json\/wp\/v2\/users\/2"}],"replies":[{"embeddable":true,"href":"https:\/\/www.inputkit.io\/fr\/wp-json\/wp\/v2\/comments?post=38"}],"version-history":[{"count":71,"href":"https:\/\/www.inputkit.io\/fr\/wp-json\/wp\/v2\/pages\/38\/revisions"}],"predecessor-version":[{"id":6213,"href":"https:\/\/www.inputkit.io\/fr\/wp-json\/wp\/v2\/pages\/38\/revisions\/6213"}],"wp:attachment":[{"href":"https:\/\/www.inputkit.io\/fr\/wp-json\/wp\/v2\/media?parent=38"}],"curies":[{"name":"wp","href":"https:\/\/api.w.org\/{rel}","templated":true}]}}