{"id":50,"date":"2022-05-30T20:26:24","date_gmt":"2022-05-30T20:26:24","guid":{"rendered":"https:\/\/www.inputkit.io\/?page_id=50"},"modified":"2026-02-22T16:42:41","modified_gmt":"2026-02-22T16:42:41","slug":"prix","status":"publish","type":"page","link":"https:\/\/www.inputkit.io\/fr\/prix\/","title":{"rendered":"Prix InputKit"},"content":{"rendered":"","protected":false},"excerpt":{"rendered":"","protected":false},"author":2,"featured_media":0,"parent":0,"menu_order":0,"comment_status":"closed","ping_status":"closed","template":"template-package.php","meta":{"inline_featured_image":false},"acf":[],"yoast_head":"<!-- This site is optimized with the Yoast SEO plugin v19.10 - https:\/\/yoast.com\/wordpress\/plugins\/seo\/ -->\n<title>Prix InputKit - Inputkit<\/title>\n<meta name=\"description\" content=\"Quel budget faut-il allouer pour obtenir un logiciel de satisfaction client? D\u00e9couvrez combien co\u00fbte le logiciel de satisfaction client InputKit! Investir, \u00e7a rapporte.\" \/>\n<meta name=\"robots\" content=\"index, follow, max-snippet:-1, max-image-preview:large, max-video-preview:-1\" \/>\n<link rel=\"canonical\" href=\"https:\/\/www.inputkit.io\/fr\/prix\/\" \/>\n<meta property=\"og:locale\" content=\"fr_FR\" \/>\n<meta property=\"og:type\" content=\"article\" \/>\n<meta property=\"og:title\" content=\"Prix InputKit - Inputkit\" \/>\n<meta property=\"og:description\" content=\"Quel budget faut-il allouer pour obtenir un logiciel de satisfaction client? D\u00e9couvrez combien co\u00fbte le logiciel de satisfaction client InputKit! Investir, \u00e7a rapporte.\" \/>\n<meta property=\"og:url\" content=\"https:\/\/www.inputkit.io\/fr\/prix\/\" \/>\n<meta property=\"og:site_name\" content=\"Inputkit\" \/>\n<meta property=\"article:modified_time\" content=\"2026-02-22T16:42:41+00:00\" \/>\n<meta property=\"og:image\" content=\"https:\/\/www.inputkit.io\/wp-content\/uploads\/2022\/08\/facebook.jpg\" \/>\n\t<meta property=\"og:image:width\" content=\"1200\" \/>\n\t<meta property=\"og:image:height\" content=\"630\" \/>\n\t<meta property=\"og:image:type\" content=\"image\/jpeg\" \/>\n<meta name=\"twitter:card\" content=\"summary_large_image\" \/>\n<!-- \/ Yoast SEO plugin. -->","yoast_head_json":{"title":"Prix InputKit - Inputkit","description":"Quel budget faut-il allouer pour obtenir un logiciel de satisfaction client? D\u00e9couvrez combien co\u00fbte le logiciel de satisfaction client InputKit! Investir, \u00e7a rapporte.","robots":{"index":"index","follow":"follow","max-snippet":"max-snippet:-1","max-image-preview":"max-image-preview:large","max-video-preview":"max-video-preview:-1"},"canonical":"https:\/\/www.inputkit.io\/fr\/prix\/","og_locale":"fr_FR","og_type":"article","og_title":"Prix InputKit - Inputkit","og_description":"Quel budget faut-il allouer pour obtenir un logiciel de satisfaction client? D\u00e9couvrez combien co\u00fbte le logiciel de satisfaction client InputKit! Investir, \u00e7a rapporte.","og_url":"https:\/\/www.inputkit.io\/fr\/prix\/","og_site_name":"Inputkit","article_modified_time":"2026-02-22T16:42:41+00:00","og_image":[{"width":1200,"height":630,"url":"https:\/\/www.inputkit.io\/wp-content\/uploads\/2022\/08\/facebook.jpg","type":"image\/jpeg"}],"twitter_card":"summary_large_image","schema":{"@context":"https:\/\/schema.org","@graph":[{"@type":"WebPage","@id":"https:\/\/www.inputkit.io\/fr\/prix\/","url":"https:\/\/www.inputkit.io\/fr\/prix\/","name":"Prix InputKit - Inputkit","isPartOf":{"@id":"https:\/\/www.inputkit.io\/fr\/#website"},"datePublished":"2022-05-30T20:26:24+00:00","dateModified":"2026-02-22T16:42:41+00:00","description":"Quel budget faut-il allouer pour obtenir un logiciel de satisfaction client? D\u00e9couvrez combien co\u00fbte le logiciel de satisfaction client InputKit! Investir, \u00e7a rapporte.","breadcrumb":{"@id":"https:\/\/www.inputkit.io\/fr\/prix\/#breadcrumb"},"inLanguage":"fr-FR","potentialAction":[{"@type":"ReadAction","target":["https:\/\/www.inputkit.io\/fr\/prix\/"]}]},{"@type":"BreadcrumbList","@id":"https:\/\/www.inputkit.io\/fr\/prix\/#breadcrumb","itemListElement":[{"@type":"ListItem","position":1,"name":"Home","item":"https:\/\/www.inputkit.io\/fr\/"},{"@type":"ListItem","position":2,"name":"Prix InputKit"}]},{"@type":"WebSite","@id":"https:\/\/www.inputkit.io\/fr\/#website","url":"https:\/\/www.inputkit.io\/fr\/","name":"Inputkit","description":"Am\u00e9liorez Votre Exp\u00e9rience Client","potentialAction":[{"@type":"SearchAction","target":{"@type":"EntryPoint","urlTemplate":"https:\/\/www.inputkit.io\/fr\/?s={search_term_string}"},"query-input":"required name=search_term_string"}],"inLanguage":"fr-FR"}]}},"_links":{"self":[{"href":"https:\/\/www.inputkit.io\/fr\/wp-json\/wp\/v2\/pages\/50"}],"collection":[{"href":"https:\/\/www.inputkit.io\/fr\/wp-json\/wp\/v2\/pages"}],"about":[{"href":"https:\/\/www.inputkit.io\/fr\/wp-json\/wp\/v2\/types\/page"}],"author":[{"embeddable":true,"href":"https:\/\/www.inputkit.io\/fr\/wp-json\/wp\/v2\/users\/2"}],"replies":[{"embeddable":true,"href":"https:\/\/www.inputkit.io\/fr\/wp-json\/wp\/v2\/comments?post=50"}],"version-history":[{"count":42,"href":"https:\/\/www.inputkit.io\/fr\/wp-json\/wp\/v2\/pages\/50\/revisions"}],"predecessor-version":[{"id":9056,"href":"https:\/\/www.inputkit.io\/fr\/wp-json\/wp\/v2\/pages\/50\/revisions\/9056"}],"wp:attachment":[{"href":"https:\/\/www.inputkit.io\/fr\/wp-json\/wp\/v2\/media?parent=50"}],"curies":[{"name":"wp","href":"https:\/\/api.w.org\/{rel}","templated":true}]}}