{"id":6644,"date":"2022-12-06T19:10:32","date_gmt":"2022-12-06T19:10:32","guid":{"rendered":"https:\/\/www.inputkit.io\/?page_id=6644"},"modified":"2022-12-14T18:30:26","modified_gmt":"2022-12-14T18:30:26","slug":"diagnostic-experience-client","status":"publish","type":"page","link":"https:\/\/www.inputkit.io\/fr\/diagnostic-experience-client\/","title":{"rendered":"Diagnostic CX"},"content":{"rendered":"","protected":false},"excerpt":{"rendered":"","protected":false},"author":11,"featured_media":0,"parent":0,"menu_order":0,"comment_status":"closed","ping_status":"closed","template":"template-base.php","meta":{"inline_featured_image":false},"acf":[],"yoast_head":"<!-- This site is optimized with the Yoast SEO plugin v19.10 - https:\/\/yoast.com\/wordpress\/plugins\/seo\/ -->\n<title>Diagnostic CX - Inputkit<\/title>\n<meta name=\"description\" content=\"Gr\u00e2ce \u00e0 InputKit, effectuez d\u00e8s maintenant un diagnostic de votre exp\u00e9rience client actuelle afin d&#039;am\u00e9liorer vos pratiques!\" \/>\n<meta name=\"robots\" content=\"index, follow, max-snippet:-1, max-image-preview:large, max-video-preview:-1\" \/>\n<link rel=\"canonical\" href=\"https:\/\/www.inputkit.io\/fr\/diagnostic-experience-client\/\" \/>\n<meta property=\"og:locale\" content=\"fr_FR\" \/>\n<meta property=\"og:type\" content=\"article\" \/>\n<meta property=\"og:title\" content=\"Diagnostic CX\" \/>\n<meta property=\"og:description\" content=\"Gr\u00e2ce \u00e0 InputKit, effectuez d\u00e8s maintenant un diagnostic de votre exp\u00e9rience client actuelle afin d&#039;am\u00e9liorer vos pratiques!\" \/>\n<meta property=\"og:url\" content=\"https:\/\/www.inputkit.io\/fr\/diagnostic-experience-client\/\" \/>\n<meta property=\"og:site_name\" content=\"Inputkit\" \/>\n<meta property=\"article:modified_time\" content=\"2022-12-14T18:30:26+00:00\" \/>\n<meta property=\"og:image\" content=\"https:\/\/www.inputkit.io\/wp-content\/uploads\/2022\/12\/share-images.png\" \/>\n\t<meta property=\"og:image:width\" content=\"2400\" \/>\n\t<meta property=\"og:image:height\" content=\"1260\" \/>\n\t<meta property=\"og:image:type\" content=\"image\/png\" \/>\n<meta name=\"twitter:card\" content=\"summary_large_image\" \/>\n<!-- \/ Yoast SEO plugin. -->","yoast_head_json":{"title":"Diagnostic CX - Inputkit","description":"Gr\u00e2ce \u00e0 InputKit, effectuez d\u00e8s maintenant un diagnostic de votre exp\u00e9rience client actuelle afin d'am\u00e9liorer vos pratiques!","robots":{"index":"index","follow":"follow","max-snippet":"max-snippet:-1","max-image-preview":"max-image-preview:large","max-video-preview":"max-video-preview:-1"},"canonical":"https:\/\/www.inputkit.io\/fr\/diagnostic-experience-client\/","og_locale":"fr_FR","og_type":"article","og_title":"Diagnostic CX","og_description":"Gr\u00e2ce \u00e0 InputKit, effectuez d\u00e8s maintenant un diagnostic de votre exp\u00e9rience client actuelle afin d'am\u00e9liorer vos pratiques!","og_url":"https:\/\/www.inputkit.io\/fr\/diagnostic-experience-client\/","og_site_name":"Inputkit","article_modified_time":"2022-12-14T18:30:26+00:00","og_image":[{"width":2400,"height":1260,"url":"https:\/\/www.inputkit.io\/wp-content\/uploads\/2022\/12\/share-images.png","type":"image\/png"}],"twitter_card":"summary_large_image","schema":{"@context":"https:\/\/schema.org","@graph":[{"@type":"WebPage","@id":"https:\/\/www.inputkit.io\/fr\/diagnostic-experience-client\/","url":"https:\/\/www.inputkit.io\/fr\/diagnostic-experience-client\/","name":"Diagnostic CX - Inputkit","isPartOf":{"@id":"https:\/\/www.inputkit.io\/fr\/#website"},"datePublished":"2022-12-06T19:10:32+00:00","dateModified":"2022-12-14T18:30:26+00:00","description":"Gr\u00e2ce \u00e0 InputKit, effectuez d\u00e8s maintenant un diagnostic de votre exp\u00e9rience client actuelle afin d'am\u00e9liorer vos pratiques!","breadcrumb":{"@id":"https:\/\/www.inputkit.io\/fr\/diagnostic-experience-client\/#breadcrumb"},"inLanguage":"fr-FR","potentialAction":[{"@type":"ReadAction","target":["https:\/\/www.inputkit.io\/fr\/diagnostic-experience-client\/"]}]},{"@type":"BreadcrumbList","@id":"https:\/\/www.inputkit.io\/fr\/diagnostic-experience-client\/#breadcrumb","itemListElement":[{"@type":"ListItem","position":1,"name":"Home","item":"https:\/\/www.inputkit.io\/fr\/"},{"@type":"ListItem","position":2,"name":"Diagnostic CX"}]},{"@type":"WebSite","@id":"https:\/\/www.inputkit.io\/fr\/#website","url":"https:\/\/www.inputkit.io\/fr\/","name":"Inputkit","description":"Am\u00e9liorez Votre Exp\u00e9rience Client","potentialAction":[{"@type":"SearchAction","target":{"@type":"EntryPoint","urlTemplate":"https:\/\/www.inputkit.io\/fr\/?s={search_term_string}"},"query-input":"required name=search_term_string"}],"inLanguage":"fr-FR"}]}},"_links":{"self":[{"href":"https:\/\/www.inputkit.io\/fr\/wp-json\/wp\/v2\/pages\/6644"}],"collection":[{"href":"https:\/\/www.inputkit.io\/fr\/wp-json\/wp\/v2\/pages"}],"about":[{"href":"https:\/\/www.inputkit.io\/fr\/wp-json\/wp\/v2\/types\/page"}],"author":[{"embeddable":true,"href":"https:\/\/www.inputkit.io\/fr\/wp-json\/wp\/v2\/users\/11"}],"replies":[{"embeddable":true,"href":"https:\/\/www.inputkit.io\/fr\/wp-json\/wp\/v2\/comments?post=6644"}],"version-history":[{"count":10,"href":"https:\/\/www.inputkit.io\/fr\/wp-json\/wp\/v2\/pages\/6644\/revisions"}],"predecessor-version":[{"id":6719,"href":"https:\/\/www.inputkit.io\/fr\/wp-json\/wp\/v2\/pages\/6644\/revisions\/6719"}],"wp:attachment":[{"href":"https:\/\/www.inputkit.io\/fr\/wp-json\/wp\/v2\/media?parent=6644"}],"curies":[{"name":"wp","href":"https:\/\/api.w.org\/{rel}","templated":true}]}}