{"id":717,"date":"2022-08-04T19:57:56","date_gmt":"2022-08-04T19:57:56","guid":{"rendered":"https:\/\/www.inputkit.io\/?page_id=717"},"modified":"2022-09-29T13:29:57","modified_gmt":"2022-09-29T13:29:57","slug":"questionnaire-satisfaction-client","status":"publish","type":"page","link":"https:\/\/www.inputkit.io\/fr\/logiciel-experience-client\/questionnaire-satisfaction-client\/","title":{"rendered":"Questionnaire de satisfaction client"},"content":{"rendered":"","protected":false},"excerpt":{"rendered":"","protected":false},"author":5,"featured_media":0,"parent":38,"menu_order":0,"comment_status":"closed","ping_status":"closed","template":"template-base.php","meta":{"inline_featured_image":false},"acf":[],"yoast_head":"<!-- This site is optimized with the Yoast SEO plugin v19.10 - https:\/\/yoast.com\/wordpress\/plugins\/seo\/ -->\n<title>Questionnaire de satisfaction client - Inputkit<\/title>\n<meta name=\"description\" content=\"Prenez en charge votre suivi de satisfaction client gr\u00e2ce \u00e0 InputKit. Notre solution automatise les suivis de satisfaction pour optimiser votre exp\u00e9rience client!\" \/>\n<meta name=\"robots\" content=\"index, follow, max-snippet:-1, max-image-preview:large, max-video-preview:-1\" \/>\n<link rel=\"canonical\" href=\"https:\/\/www.inputkit.io\/fr\/logiciel-experience-client\/questionnaire-satisfaction-client\/\" \/>\n<meta property=\"og:locale\" content=\"fr_FR\" \/>\n<meta property=\"og:type\" content=\"article\" \/>\n<meta property=\"og:title\" content=\"Questionnaire de satisfaction client - Inputkit\" \/>\n<meta property=\"og:description\" content=\"Prenez en charge votre suivi de satisfaction client gr\u00e2ce \u00e0 InputKit. Notre solution automatise les suivis de satisfaction pour optimiser votre exp\u00e9rience client!\" \/>\n<meta property=\"og:url\" content=\"https:\/\/www.inputkit.io\/fr\/logiciel-experience-client\/questionnaire-satisfaction-client\/\" \/>\n<meta property=\"og:site_name\" content=\"Inputkit\" \/>\n<meta property=\"article:modified_time\" content=\"2022-09-29T13:29:57+00:00\" \/>\n<meta property=\"og:image\" content=\"https:\/\/www.inputkit.io\/wp-content\/uploads\/2022\/08\/facebook.jpg\" \/>\n\t<meta property=\"og:image:width\" content=\"1200\" \/>\n\t<meta property=\"og:image:height\" content=\"630\" \/>\n\t<meta property=\"og:image:type\" content=\"image\/jpeg\" \/>\n<meta name=\"twitter:card\" content=\"summary_large_image\" \/>\n<!-- \/ Yoast SEO plugin. -->","yoast_head_json":{"title":"Questionnaire de satisfaction client - Inputkit","description":"Prenez en charge votre suivi de satisfaction client gr\u00e2ce \u00e0 InputKit. Notre solution automatise les suivis de satisfaction pour optimiser votre exp\u00e9rience client!","robots":{"index":"index","follow":"follow","max-snippet":"max-snippet:-1","max-image-preview":"max-image-preview:large","max-video-preview":"max-video-preview:-1"},"canonical":"https:\/\/www.inputkit.io\/fr\/logiciel-experience-client\/questionnaire-satisfaction-client\/","og_locale":"fr_FR","og_type":"article","og_title":"Questionnaire de satisfaction client - Inputkit","og_description":"Prenez en charge votre suivi de satisfaction client gr\u00e2ce \u00e0 InputKit. Notre solution automatise les suivis de satisfaction pour optimiser votre exp\u00e9rience client!","og_url":"https:\/\/www.inputkit.io\/fr\/logiciel-experience-client\/questionnaire-satisfaction-client\/","og_site_name":"Inputkit","article_modified_time":"2022-09-29T13:29:57+00:00","og_image":[{"width":1200,"height":630,"url":"https:\/\/www.inputkit.io\/wp-content\/uploads\/2022\/08\/facebook.jpg","type":"image\/jpeg"}],"twitter_card":"summary_large_image","schema":{"@context":"https:\/\/schema.org","@graph":[{"@type":"WebPage","@id":"https:\/\/www.inputkit.io\/fr\/logiciel-experience-client\/questionnaire-satisfaction-client\/","url":"https:\/\/www.inputkit.io\/fr\/logiciel-experience-client\/questionnaire-satisfaction-client\/","name":"Questionnaire de satisfaction client - Inputkit","isPartOf":{"@id":"https:\/\/www.inputkit.io\/fr\/#website"},"datePublished":"2022-08-04T19:57:56+00:00","dateModified":"2022-09-29T13:29:57+00:00","description":"Prenez en charge votre suivi de satisfaction client gr\u00e2ce \u00e0 InputKit. Notre solution automatise les suivis de satisfaction pour optimiser votre exp\u00e9rience client!","breadcrumb":{"@id":"https:\/\/www.inputkit.io\/fr\/logiciel-experience-client\/questionnaire-satisfaction-client\/#breadcrumb"},"inLanguage":"fr-FR","potentialAction":[{"@type":"ReadAction","target":["https:\/\/www.inputkit.io\/fr\/logiciel-experience-client\/questionnaire-satisfaction-client\/"]}]},{"@type":"BreadcrumbList","@id":"https:\/\/www.inputkit.io\/fr\/logiciel-experience-client\/questionnaire-satisfaction-client\/#breadcrumb","itemListElement":[{"@type":"ListItem","position":1,"name":"Home","item":"https:\/\/www.inputkit.io\/fr\/"},{"@type":"ListItem","position":2,"name":"Logiciel d&rsquo;exp\u00e9rience client","item":"https:\/\/www.inputkit.io\/fr\/logiciel-experience-client\/"},{"@type":"ListItem","position":3,"name":"Questionnaire de satisfaction client"}]},{"@type":"WebSite","@id":"https:\/\/www.inputkit.io\/fr\/#website","url":"https:\/\/www.inputkit.io\/fr\/","name":"Inputkit","description":"Am\u00e9liorez Votre Exp\u00e9rience Client","potentialAction":[{"@type":"SearchAction","target":{"@type":"EntryPoint","urlTemplate":"https:\/\/www.inputkit.io\/fr\/?s={search_term_string}"},"query-input":"required name=search_term_string"}],"inLanguage":"fr-FR"}]}},"_links":{"self":[{"href":"https:\/\/www.inputkit.io\/fr\/wp-json\/wp\/v2\/pages\/717"}],"collection":[{"href":"https:\/\/www.inputkit.io\/fr\/wp-json\/wp\/v2\/pages"}],"about":[{"href":"https:\/\/www.inputkit.io\/fr\/wp-json\/wp\/v2\/types\/page"}],"author":[{"embeddable":true,"href":"https:\/\/www.inputkit.io\/fr\/wp-json\/wp\/v2\/users\/5"}],"replies":[{"embeddable":true,"href":"https:\/\/www.inputkit.io\/fr\/wp-json\/wp\/v2\/comments?post=717"}],"version-history":[{"count":25,"href":"https:\/\/www.inputkit.io\/fr\/wp-json\/wp\/v2\/pages\/717\/revisions"}],"predecessor-version":[{"id":4546,"href":"https:\/\/www.inputkit.io\/fr\/wp-json\/wp\/v2\/pages\/717\/revisions\/4546"}],"up":[{"embeddable":true,"href":"https:\/\/www.inputkit.io\/fr\/wp-json\/wp\/v2\/pages\/38"}],"wp:attachment":[{"href":"https:\/\/www.inputkit.io\/fr\/wp-json\/wp\/v2\/media?parent=717"}],"curies":[{"name":"wp","href":"https:\/\/api.w.org\/{rel}","templated":true}]}}