{"id":8563,"date":"2025-11-05T03:16:48","date_gmt":"2025-11-05T03:16:48","guid":{"rendered":"https:\/\/www.inputkit.io\/?page_id=8563"},"modified":"2025-11-05T03:28:41","modified_gmt":"2025-11-05T03:28:41","slug":"gerez-clients-insatisfaits","status":"publish","type":"page","link":"https:\/\/www.inputkit.io\/fr\/gerez-clients-insatisfaits\/","title":{"rendered":"G\u00e9rez vos clients insatisfaits"},"content":{"rendered":"","protected":false},"excerpt":{"rendered":"","protected":false},"author":22,"featured_media":0,"parent":0,"menu_order":0,"comment_status":"closed","ping_status":"closed","template":"template-base.php","meta":{"inline_featured_image":false},"acf":[],"yoast_head":"<!-- This site is optimized with the Yoast SEO plugin v19.10 - https:\/\/yoast.com\/wordpress\/plugins\/seo\/ -->\n<title>G\u00e9rez vos clients insatisfaits | Prot\u00e9gez votre r\u00e9putation en ligne<\/title>\n<meta name=\"description\" content=\"Captez les insatisfactions en priv\u00e9, intervenez rapidement et \u00e9vitez les avis n\u00e9gatifs. Transformez un client m\u00e9content en opportunit\u00e9 de fid\u00e9lisation.\" \/>\n<meta name=\"robots\" content=\"index, follow, max-snippet:-1, max-image-preview:large, max-video-preview:-1\" \/>\n<link rel=\"canonical\" href=\"https:\/\/www.inputkit.io\/fr\/gerez-clients-insatisfaits\/\" \/>\n<meta property=\"og:locale\" content=\"fr_FR\" \/>\n<meta property=\"og:type\" content=\"article\" \/>\n<meta property=\"og:title\" content=\"G\u00e9rez vos clients insatisfaits | Prot\u00e9gez votre r\u00e9putation en ligne\" \/>\n<meta property=\"og:description\" content=\"Captez les insatisfactions en priv\u00e9, intervenez rapidement et \u00e9vitez les avis n\u00e9gatifs. Transformez un client m\u00e9content en opportunit\u00e9 de fid\u00e9lisation.\" \/>\n<meta property=\"og:url\" content=\"https:\/\/www.inputkit.io\/fr\/gerez-clients-insatisfaits\/\" \/>\n<meta property=\"og:site_name\" content=\"Inputkit\" \/>\n<meta property=\"article:modified_time\" content=\"2025-11-05T03:28:41+00:00\" \/>\n<meta property=\"og:image\" content=\"https:\/\/www.inputkit.io\/wp-content\/uploads\/2022\/08\/facebook.jpg\" \/>\n\t<meta property=\"og:image:width\" content=\"1200\" \/>\n\t<meta property=\"og:image:height\" content=\"630\" \/>\n\t<meta property=\"og:image:type\" content=\"image\/jpeg\" \/>\n<meta name=\"twitter:card\" content=\"summary_large_image\" \/>\n<!-- \/ Yoast SEO plugin. -->","yoast_head_json":{"title":"G\u00e9rez vos clients insatisfaits | Prot\u00e9gez votre r\u00e9putation en ligne","description":"Captez les insatisfactions en priv\u00e9, intervenez rapidement et \u00e9vitez les avis n\u00e9gatifs. Transformez un client m\u00e9content en opportunit\u00e9 de fid\u00e9lisation.","robots":{"index":"index","follow":"follow","max-snippet":"max-snippet:-1","max-image-preview":"max-image-preview:large","max-video-preview":"max-video-preview:-1"},"canonical":"https:\/\/www.inputkit.io\/fr\/gerez-clients-insatisfaits\/","og_locale":"fr_FR","og_type":"article","og_title":"G\u00e9rez vos clients insatisfaits | Prot\u00e9gez votre r\u00e9putation en ligne","og_description":"Captez les insatisfactions en priv\u00e9, intervenez rapidement et \u00e9vitez les avis n\u00e9gatifs. Transformez un client m\u00e9content en opportunit\u00e9 de fid\u00e9lisation.","og_url":"https:\/\/www.inputkit.io\/fr\/gerez-clients-insatisfaits\/","og_site_name":"Inputkit","article_modified_time":"2025-11-05T03:28:41+00:00","og_image":[{"width":1200,"height":630,"url":"https:\/\/www.inputkit.io\/wp-content\/uploads\/2022\/08\/facebook.jpg","type":"image\/jpeg"}],"twitter_card":"summary_large_image","schema":{"@context":"https:\/\/schema.org","@graph":[{"@type":"WebPage","@id":"https:\/\/www.inputkit.io\/fr\/gerez-clients-insatisfaits\/","url":"https:\/\/www.inputkit.io\/fr\/gerez-clients-insatisfaits\/","name":"G\u00e9rez vos clients insatisfaits | Prot\u00e9gez votre r\u00e9putation en ligne","isPartOf":{"@id":"https:\/\/www.inputkit.io\/fr\/#website"},"datePublished":"2025-11-05T03:16:48+00:00","dateModified":"2025-11-05T03:28:41+00:00","description":"Captez les insatisfactions en priv\u00e9, intervenez rapidement et \u00e9vitez les avis n\u00e9gatifs. Transformez un client m\u00e9content en opportunit\u00e9 de fid\u00e9lisation.","breadcrumb":{"@id":"https:\/\/www.inputkit.io\/fr\/gerez-clients-insatisfaits\/#breadcrumb"},"inLanguage":"fr-FR","potentialAction":[{"@type":"ReadAction","target":["https:\/\/www.inputkit.io\/fr\/gerez-clients-insatisfaits\/"]}]},{"@type":"BreadcrumbList","@id":"https:\/\/www.inputkit.io\/fr\/gerez-clients-insatisfaits\/#breadcrumb","itemListElement":[{"@type":"ListItem","position":1,"name":"Home","item":"https:\/\/www.inputkit.io\/fr\/"},{"@type":"ListItem","position":2,"name":"G\u00e9rez vos clients insatisfaits"}]},{"@type":"WebSite","@id":"https:\/\/www.inputkit.io\/fr\/#website","url":"https:\/\/www.inputkit.io\/fr\/","name":"Inputkit","description":"Am\u00e9liorez Votre Exp\u00e9rience Client","potentialAction":[{"@type":"SearchAction","target":{"@type":"EntryPoint","urlTemplate":"https:\/\/www.inputkit.io\/fr\/?s={search_term_string}"},"query-input":"required name=search_term_string"}],"inLanguage":"fr-FR"}]}},"_links":{"self":[{"href":"https:\/\/www.inputkit.io\/fr\/wp-json\/wp\/v2\/pages\/8563"}],"collection":[{"href":"https:\/\/www.inputkit.io\/fr\/wp-json\/wp\/v2\/pages"}],"about":[{"href":"https:\/\/www.inputkit.io\/fr\/wp-json\/wp\/v2\/types\/page"}],"author":[{"embeddable":true,"href":"https:\/\/www.inputkit.io\/fr\/wp-json\/wp\/v2\/users\/22"}],"replies":[{"embeddable":true,"href":"https:\/\/www.inputkit.io\/fr\/wp-json\/wp\/v2\/comments?post=8563"}],"version-history":[{"count":7,"href":"https:\/\/www.inputkit.io\/fr\/wp-json\/wp\/v2\/pages\/8563\/revisions"}],"predecessor-version":[{"id":8622,"href":"https:\/\/www.inputkit.io\/fr\/wp-json\/wp\/v2\/pages\/8563\/revisions\/8622"}],"wp:attachment":[{"href":"https:\/\/www.inputkit.io\/fr\/wp-json\/wp\/v2\/media?parent=8563"}],"curies":[{"name":"wp","href":"https:\/\/api.w.org\/{rel}","templated":true}]}}